{"id":462,"date":"2024-07-07T17:51:38","date_gmt":"2024-07-07T15:51:38","guid":{"rendered":"https:\/\/praxis-jungheim.de\/?page_id=462"},"modified":"2025-02-23T22:22:27","modified_gmt":"2025-02-23T21:22:27","slug":"dr-med-heidi-jungheim","status":"publish","type":"page","link":"https:\/\/praxis-jungheim.de\/?page_id=462","title":{"rendered":"Dr. med. Heidi Jungheim"},"content":{"rendered":"\t\t<div data-elementor-type=\"wp-page\" data-elementor-id=\"462\" class=\"elementor elementor-462\" data-elementor-post-type=\"page\">\n\t\t\t\t<div class=\"elementor-element elementor-element-7065236 e-flex e-con-boxed wpr-particle-no wpr-jarallax-no wpr-parallax-no wpr-sticky-section-no wpr-equal-height-no e-con e-parent\" data-id=\"7065236\" data-element_type=\"container\" data-e-type=\"container\">\n\t\t\t\t\t<div class=\"e-con-inner\">\n\t\t\t\t<div class=\"elementor-element elementor-element-0dbd57f elementor-widget elementor-widget-heading\" data-id=\"0dbd57f\" data-element_type=\"widget\" data-e-type=\"widget\" data-widget_type=\"heading.default\">\n\t\t\t\t<div class=\"elementor-widget-container\">\n\t\t\t\t\t<h5 class=\"elementor-heading-title elementor-size-default\">Dr. med. Heidi Jungheim<\/h5>\t\t\t\t<\/div>\n\t\t\t\t<\/div>\n\t\t\t\t\t<\/div>\n\t\t\t\t<\/div>\n\t\t<div class=\"elementor-element elementor-element-72ae8f5 e-flex e-con-boxed wpr-particle-no wpr-jarallax-no wpr-parallax-no wpr-sticky-section-no wpr-equal-height-no e-con e-parent\" data-id=\"72ae8f5\" data-element_type=\"container\" data-e-type=\"container\">\n\t\t\t\t\t<div class=\"e-con-inner\">\n\t\t\t\t<div class=\"elementor-element elementor-element-f021513 elementor-widget elementor-widget-text-editor\" data-id=\"f021513\" data-element_type=\"widget\" data-e-type=\"widget\" data-widget_type=\"text-editor.default\">\n\t\t\t\t<div class=\"elementor-widget-container\">\n\t\t\t\t\t\t\t\t\t<h5><img fetchpriority=\"high\" decoding=\"async\" class=\"size-medium wp-image-624 alignright\" src=\"https:\/\/praxis-jungheim.de\/wp-content\/uploads\/2024\/07\/IMG_3192_crop-scaled-e1720802368410-262x300.jpg\" alt=\"\" width=\"262\" height=\"300\" srcset=\"https:\/\/praxis-jungheim.de\/wp-content\/uploads\/2024\/07\/IMG_3192_crop-scaled-e1720802368410-262x300.jpg 262w, https:\/\/praxis-jungheim.de\/wp-content\/uploads\/2024\/07\/IMG_3192_crop-scaled-e1720802368410-895x1024.jpg 895w, https:\/\/praxis-jungheim.de\/wp-content\/uploads\/2024\/07\/IMG_3192_crop-scaled-e1720802368410-768x878.jpg 768w, https:\/\/praxis-jungheim.de\/wp-content\/uploads\/2024\/07\/IMG_3192_crop-scaled-e1720802368410-1343x1536.jpg 1343w, https:\/\/praxis-jungheim.de\/wp-content\/uploads\/2024\/07\/IMG_3192_crop-scaled-e1720802368410-1791x2048.jpg 1791w\" sizes=\"(max-width: 262px) 100vw, 262px\" \/>Beruflicher Werdegang<\/h5><ul><li>Studium der Humanmedizin in K\u00f6ln, Approbation 1999<\/li><li>\u00c4rztin im Praktium und Assistenz\u00e4rztin im Marien-Krankenhaus Berglisch Gladbach bei Prof. von Renteln-Kruse 1998-2002 (Schwerpunkt Geriatrie)<\/li><li>Promotion zum Thema \u201eIdentifikation und Charakterisierung der G-Protein regulierten Phospholipase C am menschlichen Myokard\u201c mit magna cum laude 2003, Doktorvater Prof. Michael B\u00f6hm, Universit\u00e4t zu K\u00f6ln<\/li><li>Assistenz\u00e4rztin im St. Marien-Hospital D\u00fcren bei Chefarzt Dr. T. Heyer und Chefarzt Dr. Sikic-Muhle 2000-2003 (Schwerpunkte Gastroenterologie, Geriatrie und Pneumologie (inklusive Schlaflabor))<\/li><li>Assistenz\u00e4rztin und in Folge Fach\u00e4rztin im Zweckverband Krankenhaus Bad Oeynhausen bei Chefarzt Prof. Nissen und Chefarzt Dr. Niedermeyer 2003- 2011 (Schwerpunkte, Innere Medizin, Pneumologie (Arbeit mit Lungentransplantierten Patienten) und Angiologie)<\/li><li>Fach\u00e4rztin f\u00fcr Innere Medizin 2004<\/li><li>Fach\u00e4rztin am Klinikum Bielefeld, Standort Rosenh\u00f6he bei Dr. Schmidt-Barzynski 2011- 2016 (Schwerpunkte: Notaufnahme, Innere Medizin und Geriatrie)<\/li><li>Ober\u00e4rztin am Evangelischem Krankenhaus Bielefeld (jetzt Evangelisches Klinikum Bethel) 2016-2024 (Schwerpunkt Geriatrie)<\/li><li>Zusatzbezeichnung Geriatrie 2018<\/li><li>\u00dcbernahme der Praxis Buldmann in Bielefeld 2024 mit ihrem Ehemann Dr. med. Karsten Jungheim<\/li><\/ul><h5>Zertifikate und Zusatzausbildungen<\/h5><ul><li>Akupunkturausbildung Diplom A 1999<\/li><li>Fachkunde Rettungsdienst 2005<\/li><li>\u00c4rztliche Wundtherapie 2013<\/li><li>Lymphologie f\u00fcr \u00c4rzte\/-innen 2021<\/li><li>Schmerzmedizinische Grundversorgung 2021<\/li><li>Palliativmedizinische Grundversorgung 2022<\/li><li>Psychosomatische Grundversorgung 2024<\/li><li>Suchtmedizinische Grundversorgung 2025<\/li><\/ul><p>Frau Dr. Jungheim ist verheiratet und Mutter zweier Kinder<\/p>\t\t\t\t\t\t\t\t<\/div>\n\t\t\t\t<\/div>\n\t\t\t\t\t<\/div>\n\t\t\t\t<\/div>\n\t\t\t\t<\/div>\n\t\t","protected":false},"excerpt":{"rendered":"<p>Dr. med. Heidi Jungheim Beruflicher Werdegang Studium der Humanmedizin in K\u00f6ln, Approbation 1999 \u00c4rztin im Praktium und Assistenz\u00e4rztin im Marien-Krankenhaus Berglisch Gladbach bei Prof. von Renteln-Kruse 1998-2002 (Schwerpunkt Geriatrie) Promotion zum Thema \u201eIdentifikation und Charakterisierung der G-Protein regulierten Phospholipase C am menschlichen Myokard\u201c mit magna cum laude 2003, Doktorvater Prof. Michael B\u00f6hm, Universit\u00e4t zu K\u00f6ln Assistenz\u00e4rztin im St. Marien-Hospital D\u00fcren bei Chefarzt Dr. T. Heyer und Chefarzt Dr. Sikic-Muhle 2000-2003 (Schwerpunkte Gastroenterologie, Geriatrie und Pneumologie (inklusive Schlaflabor)) Assistenz\u00e4rztin und in Folge Fach\u00e4rztin im Zweckverband Krankenhaus Bad Oeynhausen bei Chefarzt Prof. Nissen und Chefarzt Dr. Niedermeyer 2003- 2011 (Schwerpunkte, Innere Medizin, Pneumologie (Arbeit mit Lungentransplantierten Patienten) und Angiologie) Fach\u00e4rztin f\u00fcr Innere Medizin 2004 Fach\u00e4rztin am Klinikum Bielefeld, Standort Rosenh\u00f6he bei Dr. Schmidt-Barzynski 2011- 2016 (Schwerpunkte: Notaufnahme, Innere Medizin und Geriatrie) Ober\u00e4rztin am Evangelischem Krankenhaus Bielefeld (jetzt Evangelisches Klinikum Bethel) 2016-2024 (Schwerpunkt Geriatrie) Zusatzbezeichnung Geriatrie 2018 \u00dcbernahme der Praxis Buldmann in Bielefeld 2024 mit ihrem Ehemann Dr. med. Karsten Jungheim Zertifikate und Zusatzausbildungen Akupunkturausbildung Diplom A 1999 Fachkunde Rettungsdienst 2005 \u00c4rztliche Wundtherapie 2013 Lymphologie f\u00fcr \u00c4rzte\/-innen 2021 Schmerzmedizinische Grundversorgung 2021 Palliativmedizinische Grundversorgung 2022 Psychosomatische Grundversorgung 2024 Suchtmedizinische Grundversorgung 2025 Frau Dr. Jungheim ist verheiratet und Mutter zweier Kinder<\/p>\n","protected":false},"author":1,"featured_media":0,"parent":0,"menu_order":0,"comment_status":"closed","ping_status":"closed","template":"","meta":{"site-sidebar-layout":"no-sidebar","site-content-layout":"","ast-site-content-layout":"full-width-container","site-content-style":"default","site-sidebar-style":"default","ast-global-header-display":"","ast-banner-title-visibility":"","ast-main-header-display":"","ast-hfb-above-header-display":"","ast-hfb-below-header-display":"","ast-hfb-mobile-header-display":"","site-post-title":"disabled","ast-breadcrumbs-content":"","ast-featured-img":"disabled","footer-sml-layout":"","ast-disable-related-posts":"","theme-transparent-header-meta":"","adv-header-id-meta":"","stick-header-meta":"","header-above-stick-meta":"","header-main-stick-meta":"","header-below-stick-meta":"","astra-migrate-meta-layouts":"default","ast-page-background-enabled":"default","ast-page-background-meta":{"desktop":{"background-color":"var(--ast-global-color-4)","background-image":"","background-repeat":"repeat","background-position":"center center","background-size":"auto","background-attachment":"scroll","background-type":"","background-media":"","overlay-type":"","overlay-color":"","overlay-opacity":"","overlay-gradient":""},"tablet":{"background-color":"","background-image":"","background-repeat":"repeat","background-position":"center center","background-size":"auto","background-attachment":"scroll","background-type":"","background-media":"","overlay-type":"","overlay-color":"","overlay-opacity":"","overlay-gradient":""},"mobile":{"background-color":"","background-image":"","background-repeat":"repeat","background-position":"center center","background-size":"auto","background-attachment":"scroll","background-type":"","background-media":"","overlay-type":"","overlay-color":"","overlay-opacity":"","overlay-gradient":""}},"ast-content-background-meta":{"desktop":{"background-color":"var(--ast-global-color-5)","background-image":"","background-repeat":"repeat","background-position":"center center","background-size":"auto","background-attachment":"scroll","background-type":"","background-media":"","overlay-type":"","overlay-color":"","overlay-opacity":"","overlay-gradient":""},"tablet":{"background-color":"var(--ast-global-color-5)","background-image":"","background-repeat":"repeat","background-position":"center center","background-size":"auto","background-attachment":"scroll","background-type":"","background-media":"","overlay-type":"","overlay-color":"","overlay-opacity":"","overlay-gradient":""},"mobile":{"background-color":"var(--ast-global-color-5)","background-image":"","background-repeat":"repeat","background-position":"center center","background-size":"auto","background-attachment":"scroll","background-type":"","background-media":"","overlay-type":"","overlay-color":"","overlay-opacity":"","overlay-gradient":""}},"footnotes":""},"class_list":["post-462","page","type-page","status-publish","hentry"],"_links":{"self":[{"href":"https:\/\/praxis-jungheim.de\/index.php?rest_route=\/wp\/v2\/pages\/462","targetHints":{"allow":["GET"]}}],"collection":[{"href":"https:\/\/praxis-jungheim.de\/index.php?rest_route=\/wp\/v2\/pages"}],"about":[{"href":"https:\/\/praxis-jungheim.de\/index.php?rest_route=\/wp\/v2\/types\/page"}],"author":[{"embeddable":true,"href":"https:\/\/praxis-jungheim.de\/index.php?rest_route=\/wp\/v2\/users\/1"}],"replies":[{"embeddable":true,"href":"https:\/\/praxis-jungheim.de\/index.php?rest_route=%2Fwp%2Fv2%2Fcomments&post=462"}],"version-history":[{"count":19,"href":"https:\/\/praxis-jungheim.de\/index.php?rest_route=\/wp\/v2\/pages\/462\/revisions"}],"predecessor-version":[{"id":951,"href":"https:\/\/praxis-jungheim.de\/index.php?rest_route=\/wp\/v2\/pages\/462\/revisions\/951"}],"wp:attachment":[{"href":"https:\/\/praxis-jungheim.de\/index.php?rest_route=%2Fwp%2Fv2%2Fmedia&parent=462"}],"curies":[{"name":"wp","href":"https:\/\/api.w.org\/{rel}","templated":true}]}}